{"id":1107,"date":"2014-05-02T13:03:40","date_gmt":"2014-05-02T13:03:40","guid":{"rendered":"http:\/\/munter.nu\/?page_id=1107"},"modified":"2015-11-28T16:03:43","modified_gmt":"2015-11-28T16:03:43","slug":"sjosattning-2014","status":"publish","type":"page","link":"https:\/\/munter.nu\/?page_id=1107","title":{"rendered":"Sj\u00f6s\u00e4ttning 2014"},"content":{"rendered":"<p>Se video fr\u00e5n sj\u00f6s\u00e4ttningen den 2 maj 2014<br \/>\n<iframe loading=\"lazy\" src=\"\/\/www.youtube.com\/embed\/XeIXpO8v3sk\" width=\"640\" height=\"390\" frameborder=\"0\" allowfullscreen=\"allowfullscreen\"><\/iframe><\/p>\n","protected":false},"excerpt":{"rendered":"<p>Se video fr\u00e5n sj\u00f6s\u00e4ttningen den 2 maj 2014<\/p>\n","protected":false},"author":1,"featured_media":0,"parent":631,"menu_order":10,"comment_status":"closed","ping_status":"closed","template":"","meta":{"footnotes":""},"class_list":["post-1107","page","type-page","status-publish","hentry"],"_links":{"self":[{"href":"https:\/\/munter.nu\/index.php?rest_route=\/wp\/v2\/pages\/1107","targetHints":{"allow":["GET"]}}],"collection":[{"href":"https:\/\/munter.nu\/index.php?rest_route=\/wp\/v2\/pages"}],"about":[{"href":"https:\/\/munter.nu\/index.php?rest_route=\/wp\/v2\/types\/page"}],"author":[{"embeddable":true,"href":"https:\/\/munter.nu\/index.php?rest_route=\/wp\/v2\/users\/1"}],"replies":[{"embeddable":true,"href":"https:\/\/munter.nu\/index.php?rest_route=%2Fwp%2Fv2%2Fcomments&post=1107"}],"version-history":[{"count":3,"href":"https:\/\/munter.nu\/index.php?rest_route=\/wp\/v2\/pages\/1107\/revisions"}],"predecessor-version":[{"id":1509,"href":"https:\/\/munter.nu\/index.php?rest_route=\/wp\/v2\/pages\/1107\/revisions\/1509"}],"up":[{"embeddable":true,"href":"https:\/\/munter.nu\/index.php?rest_route=\/wp\/v2\/pages\/631"}],"wp:attachment":[{"href":"https:\/\/munter.nu\/index.php?rest_route=%2Fwp%2Fv2%2Fmedia&parent=1107"}],"curies":[{"name":"wp","href":"https:\/\/api.w.org\/{rel}","templated":true}]}}