{"id":1602,"date":"2016-06-15T19:06:04","date_gmt":"2016-06-15T19:06:04","guid":{"rendered":"http:\/\/munter.nu\/?page_id=1602"},"modified":"2024-11-04T12:06:15","modified_gmt":"2024-11-04T11:06:15","slug":"sponsorer","status":"publish","type":"page","link":"https:\/\/munter.nu\/?page_id=1602","title":{"rendered":"Sponsorer"},"content":{"rendered":"<p><strong>V\u00e5ra sponsorer<\/strong><br \/>\nRenovering av Munter, drift och turverksamhet \u00e4r helt beroende av ideella krafter och bidrag fr\u00e5n privatpersoner och f\u00f6retag som p\u00e5 olika s\u00e4tt har har st\u00f6ttat det l\u00e5ngsiktiga arbetet ekonomiskt och st\u00f6djer denna aktivitet som s\u00e4tter guldkant p\u00e5 tillvaron f\u00f6r m\u00e4nniskor i v\u00e5r hembygd.<\/p>\n<h1><strong>V\u00e5ra Sponsorer<\/strong><\/h1>\n<h2><strong>_________________________<\/strong><\/h2>\n<p>&nbsp;<\/p>\n<h2><strong>Vrena Mekaniska Verkstad i Bettna<\/strong><\/h2>\n<p><img loading=\"lazy\" decoding=\"async\" class=\"alignnone size-full wp-image-4046\" src=\"https:\/\/munter.nu\/wp-content\/uploads\/2024\/11\/Vrena-logo.jpg\" alt=\"\" width=\"168\" height=\"71\" \/><\/p>\n<p class=\"xmsonormal\"><span style=\"font-size: 11.0pt;\">Vi \u00e4r en legotillverkare med fokus p\u00e5 st\u00f6rre kompletta mekaniska komponenter och maskiner i sm\u00e5 serier till industriella kunder.<br \/>\n<strong>V\u00e5r slogan \u201dNi konstruerar \u2013 Vi tillverkar\u201d<\/strong><\/span><span style=\"font-size: 11.0pt;\"><br \/>\nF\u00f6retaget tillhandah\u00e5ller t.ex<br \/>\nSvetsning (\u00e4ven tryckk\u00e4rl), maskinbearbetning, ytbehandling och montering.<\/span><\/p>\n<p>______________________________<\/p>\n<h2><strong>ProBorg AB i Flen<\/strong><\/h2>\n<p><img loading=\"lazy\" decoding=\"async\" class=\"alignnone size-medium wp-image-4050\" src=\"https:\/\/munter.nu\/wp-content\/uploads\/2024\/11\/proborg-logotype-1-300x84.jpg\" alt=\"\" width=\"300\" height=\"84\" srcset=\"https:\/\/munter.nu\/wp-content\/uploads\/2024\/11\/proborg-logotype-1-300x84.jpg 300w, https:\/\/munter.nu\/wp-content\/uploads\/2024\/11\/proborg-logotype-1-560x156.jpg 560w, https:\/\/munter.nu\/wp-content\/uploads\/2024\/11\/proborg-logotype-1-768x214.jpg 768w, https:\/\/munter.nu\/wp-content\/uploads\/2024\/11\/proborg-logotype-1.jpg 1160w\" sizes=\"auto, (max-width: 300px) 100vw, 300px\" \/><\/p>\n<p>Proborg AB ett f\u00e5mans-konsulbolag som bedriver effektiviteringsarbete i svensk industri samt teknisk konsultation och projektledning<br \/>\nProborg AB bedriver \u00e4ven event och konferensverksamhet samt grafisk produktion<br \/>\n<a href=\"http:\/\/www.proborg.se\">www.proborg.se<\/a><\/p>\n<p>______________________________________________<\/p>\n<h2><strong>Meisners Mekaniska i Nyk\u00f6ping\/ Oxel\u00f6sund<\/strong><\/h2>\n<p><em><br \/>\n<img loading=\"lazy\" decoding=\"async\" class=\"alignnone  wp-image-3852\" src=\"https:\/\/munter.nu\/wp-content\/uploads\/2023\/07\/Munter-16-w-300x233.jpg\" alt=\"\" width=\"184\" height=\"143\" srcset=\"https:\/\/munter.nu\/wp-content\/uploads\/2023\/07\/Munter-16-w-300x233.jpg 300w, https:\/\/munter.nu\/wp-content\/uploads\/2023\/07\/Munter-16-w.jpg 400w\" sizes=\"auto, (max-width: 184px) 100vw, 184px\" \/>\u00a0 \u00a0 \u00a0 \u00a0 \u00a0 \u00a0<img loading=\"lazy\" decoding=\"async\" class=\"alignnone  wp-image-3854\" src=\"https:\/\/munter.nu\/wp-content\/uploads\/2023\/07\/meiscol1-265x300.jpg\" alt=\"\" width=\"123\" height=\"139\" srcset=\"https:\/\/munter.nu\/wp-content\/uploads\/2023\/07\/meiscol1-265x300.jpg 265w, https:\/\/munter.nu\/wp-content\/uploads\/2023\/07\/meiscol1-560x634.jpg 560w, https:\/\/munter.nu\/wp-content\/uploads\/2023\/07\/meiscol1-768x870.jpg 768w, https:\/\/munter.nu\/wp-content\/uploads\/2023\/07\/meiscol1.jpg 845w\" sizes=\"auto, (max-width: 123px) 100vw, 123px\" \/>\u00a0 \u00a0 \u00a0 \u00a0 \u00a0 \u00a0 \u00a0 \u00a0 \u00a0<img loading=\"lazy\" decoding=\"async\" class=\"alignnone  wp-image-3853\" src=\"https:\/\/munter.nu\/wp-content\/uploads\/2023\/07\/Munter-10-cfw-197x300.jpg\" alt=\"\" width=\"105\" height=\"160\" srcset=\"https:\/\/munter.nu\/wp-content\/uploads\/2023\/07\/Munter-10-cfw-197x300.jpg 197w, https:\/\/munter.nu\/wp-content\/uploads\/2023\/07\/Munter-10-cfw.jpg 400w\" sizes=\"auto, (max-width: 105px) 100vw, 105px\" \/><\/em><\/p>\n<p>Meiszners Mekaniska AB i Oxel\u00f6sund har under vintern 2022-23 gjort<br \/>\nrenoveringsarbeten p\u00e5 \u00e5ngmaskinen i Munter.<br \/>\nVi \u00e4r mycket tacksamma f\u00f6r det utm\u00e4rkt utf\u00f6rda arbetet (ex se bild ovan).<br \/>\nMaskinen g\u00e5r nu b\u00e4ttre \u00e4n n\u00e5gonsin.<br \/>\nVi \u00e4r mycket tacksamma f\u00f6r den sponsring av arbetskostnaden \u00a0som vi har erh\u00e5llit.<\/p>\n<p><a href=\"https:\/\/www.meisznersmek.se\/\">Meiszners Mekaniska AB<\/a> \u00e4r en mekanisk verkstad med stora resurser som \u00e4r allra b\u00e4st p\u00e5 sk\u00e4rande bearbetning, vattensk\u00e4rning och mer avancerade detaljer.<br \/>\nMeiszners har en modern och effektiv maskinpark best\u00e5ende av 17 CNC-styrda maskiner.<\/p>\n<p>F\u00f6retaget syssels\u00e4tter i dagsl\u00e4get tio medarbetare och redan 1987 uts\u00e5gs grundaren Imre Meiszner till \u00c5rets F\u00f6retagare i Oxel\u00f6sund. Nuvarande \u00e4gare Frans Meiszner uts\u00e5gs \u00e4ven han till \u00c5rets F\u00f6retagare i Oxel\u00f6sund 2010.<\/p>\n<p>____________________________________________<\/p>\n<h2><strong>M\u00f6belsnickeri Eriksson &amp; s\u00f6ner i Vrena<\/strong><\/h2>\n<p><strong><a href=\"http:\/\/erikssonochsoner.se\/index.html\" target=\"_blank\" rel=\"noopener\">M\u00f6belsnickeri Eriksson &amp; s\u00f6ner i Vrena<\/a><\/strong>\u00a0sponsrar \u00c5ngslupen Munter med specialgjorda inredningsdetaljer p\u00e5 b\u00e5ten. Vi \u00e4r ett v\u00e4l etablerat trippel A klassat f\u00f6retag som g\u00f6r alla typer av uppdrag. Vi str\u00e4cker oss b\u00e5de till privatpersoner, f\u00f6retag och till den offentliga milj\u00f6n. V\u00e5ra uppdrag kan best\u00e5 av allt ifr\u00e5n bord och f\u00f6rvaringsm\u00f6bler till inredningar samt monteringar. Vi arbetar med alla slags tr\u00e4slag och tekniker och vi anv\u00e4nder oss av b\u00e5de maskiner och genuint hantverk i v\u00e5ra arbetsprocesser. Vi har \u00e4ven en egen lackverkstad d\u00e4r vi kan utf\u00f6ra ytbehandlingar s\u00e5som lackering och m\u00e5lning. Kunskaperna och erfarenheten str\u00e4cker sig l\u00e5ngt tillbaka i tiden och har f\u00f6rts vidare fr\u00e5n generation till generation. De som arbetar h\u00e4r idag p\u00e5 f\u00f6retaget har f\u00e5tt l\u00e4ra sig allt p\u00e5 plats.<br \/>\nIdag \u00e4r v\u00e5r st\u00f6rsta kund Svenskt Tenn, d\u00e4r v\u00e5rt samarbete str\u00e4cker sig l\u00e5ngt tillbaka.<\/p>\n<p>_____________________<\/p>\n<h2><strong>EKTA i Nyk\u00f6ping<\/strong><\/h2>\n<p><img loading=\"lazy\" decoding=\"async\" class=\" size-full wp-image-1604 alignnone\" src=\"http:\/\/media.munter.nu\/2016\/06\/Ekta_240.jpg\" alt=\"Ekta_240\" width=\"240\" height=\"60\" \/><br \/>\n<strong>EKTA<\/strong> Sm\u00f6rjmedel\u00a0och Reservdelar finns i Nyk\u00f6ping och har l\u00e5ng erfarenhet av sm\u00f6rjmedel och filter. Vi representerar Gulf och diverse andra m\u00e4rken, allt efter kundens behov. Till veteranfordon, traktorer och b\u00e5tar av n\u00e4stan alla sorter finns olja och fett p\u00e5 lager, och filter finns p\u00e5 best\u00e4llning.<br \/>\nEKTA finns f\u00f6r alla kunder oavsett storlek eller volym av olja. Ingen f\u00f6rfr\u00e5gan \u00e4r konstig och ingen best\u00e4llning \u00e4r f\u00f6r liten.<br \/>\nEKTA \u00e4r lika med Alfred (Affe) Elmeborg<br \/>\nV\u00e4lkommen att ringa ALLA dagar!<br \/>\n070 8361456<br \/>\n0155-285456<br \/>\ne-post: affe_elmeborg@hotmail.com<\/p>\n<p>____________________________<\/p>\n<h2><strong>R\u00c5DEK i S\u00f6rmland<\/strong><\/h2>\n<p><img loading=\"lazy\" decoding=\"async\" class=\"alignleft size-full wp-image-2259\" src=\"http:\/\/media.munter.nu\/2018\/10\/R\u00e5dek_2018.jpg\" alt=\"R\u00e5dek_2018\" width=\"312\" height=\"53\" \/><\/p>\n<p>&nbsp;<\/p>\n<p>&nbsp;<\/p>\n<p><strong><a href=\"http:\/\/xn--rdek-qoa.se\/\" target=\"_blank\" rel=\"noopener\">R\u00e5dek<\/a><\/strong> \u00e4r sedan 1986 ett kunskapsf\u00f6retag inom revision, redovisning och beskattningsfr\u00e5gor, och vi finns i Eskilstuna, Flen, Katrineholm, Nyk\u00f6ping och Str\u00e4ngn\u00e4s.<br \/>\nMed bred kompetens \u00e4r vi ett naturligt bollplank f\u00f6r v\u00e5ra kunder inom samtliga v\u00e5ra kunskapsomr\u00e5den och vi samarbetar med Sveriges ledande r\u00e5dgivare.<br \/>\nR\u00e5dek\u00a0KB ing\u00e5r i Baker Tilly Sverige AB, som \u00e4r ett n\u00e4tverk av frist\u00e5ende revisionsbyr\u00e5er. Genom v\u00e5rt globala samarbete inom Baker Tilly International har vi ocks\u00e5 m\u00f6jlighet att hj\u00e4lpa v\u00e5ra kunder med bl.a. utlandsetablering.<br \/>\nV\u00e4lkommen till oss p\u00e5 R\u00e5dek\u00a0 \u00a0<a href=\"http:\/\/xn--rdek-qoa.se\/\" target=\"_blank\" rel=\"noopener\">\u00a0http:\/\/r\u00e5dek.se\/<\/a><\/p>\n<p>_____________________________________<\/p>\n<h2><strong>Gerdemanns Schakt AB i Sk\u00f6ldinge<\/strong><\/h2>\n<p>Gerdemanns Schakt AB, med hemmah\u00f6righet i Sk\u00f6ldinge, kan utf\u00f6ra gr\u00e4v- och schaktarbeten d\u00e4r s\u00e4rskilt l\u00e5ng r\u00e4ckvidd\u00a0kr\u00e4vs.<br \/>\nKontakt:<br \/>\nRagnar Gerdemann<br \/>\nFloda Bj\u00f6rkliden<br \/>\n640 24 SK\u00d6LDINGE<br \/>\n070 &#8211; 314 27 90<\/p>\n","protected":false},"excerpt":{"rendered":"<p>V\u00e5ra sponsorer Renovering av Munter, drift och turverksamhet \u00e4r helt beroende av ideella krafter och bidrag fr\u00e5n privatpersoner och f\u00f6retag som p\u00e5 olika s\u00e4tt har har st\u00f6ttat det l\u00e5ngsiktiga arbetet ekonomiskt och st\u00f6djer denna aktivitet som s\u00e4tter guldkant p\u00e5 tillvaron &hellip; <a href=\"https:\/\/munter.nu\/?page_id=1602\">Forts\u00e4tt l\u00e4sa <span class=\"meta-nav\">&rarr;<\/span><\/a><\/p>\n","protected":false},"author":1,"featured_media":0,"parent":0,"menu_order":10,"comment_status":"closed","ping_status":"closed","template":"","meta":{"footnotes":""},"class_list":["post-1602","page","type-page","status-publish","hentry"],"_links":{"self":[{"href":"https:\/\/munter.nu\/index.php?rest_route=\/wp\/v2\/pages\/1602","targetHints":{"allow":["GET"]}}],"collection":[{"href":"https:\/\/munter.nu\/index.php?rest_route=\/wp\/v2\/pages"}],"about":[{"href":"https:\/\/munter.nu\/index.php?rest_route=\/wp\/v2\/types\/page"}],"author":[{"embeddable":true,"href":"https:\/\/munter.nu\/index.php?rest_route=\/wp\/v2\/users\/1"}],"replies":[{"embeddable":true,"href":"https:\/\/munter.nu\/index.php?rest_route=%2Fwp%2Fv2%2Fcomments&post=1602"}],"version-history":[{"count":36,"href":"https:\/\/munter.nu\/index.php?rest_route=\/wp\/v2\/pages\/1602\/revisions"}],"predecessor-version":[{"id":4051,"href":"https:\/\/munter.nu\/index.php?rest_route=\/wp\/v2\/pages\/1602\/revisions\/4051"}],"wp:attachment":[{"href":"https:\/\/munter.nu\/index.php?rest_route=%2Fwp%2Fv2%2Fmedia&parent=1602"}],"curies":[{"name":"wp","href":"https:\/\/api.w.org\/{rel}","templated":true}]}}