{"id":1766,"date":"2017-03-31T08:49:52","date_gmt":"2017-03-31T08:49:52","guid":{"rendered":"http:\/\/munter.nu\/?page_id=1766"},"modified":"2023-04-25T07:14:03","modified_gmt":"2023-04-25T07:14:03","slug":"nykopings-kanal","status":"publish","type":"page","link":"https:\/\/munter.nu\/?page_id=1766","title":{"rendered":"Nyk\u00f6pings kanal"},"content":{"rendered":"<p><strong>Nyk\u00f6pings kanal \u2013 en dr\u00f6m som inte blev verklighet<br>Dr\u00f6mmen om ett sammanbindande kanalsystem<\/strong><br>M\u00e5nga k\u00e4nner inte till de storslagna planer som en g\u00e5ng fanns att knyta samman flera sj\u00f6ar till ett sammanh\u00e4ngande kanalsystem fr\u00e5n B\u00e5ven och Yngaren via Nyk\u00f6pings\u00e5n ut till \u00d6stersj\u00f6n. Sv\u00e5righeten var f\u00f6rst\u00e5s att skapa farbara f\u00f6rbindelser mellan sj\u00f6arna och g\u00f6ra Nyk\u00f6pings\u00e5n segelbar \u00e4nda ut till havet. H\u00f6jdskillnader och grunda passager i sj\u00f6ar och \u00e5ar skulle kr\u00e4va v\u00e4ldiga resurser och arbetsinsatser. Stora ekonomiska intressen hos gods\u00e4gare, skogsf\u00f6retag m.fl. drev p\u00e5 flera utredningar och byggprojekt och m\u00e5nga anstr\u00e4ngningar att f\u00f6rverkliga id\u00e9erna gjordes under \u00e5rens lopp.<\/p>\n<p>Trots den framv\u00e4xande bilismen gjordes efter f\u00f6rsta v\u00e4rldskriget en sista kraftsamling under projektnamnet Nyk\u00f6pings kanal. Vid ett storm\u00f6te i Husby h\u00f6sten 1926 under ledning av landsh\u00f6vding Peyron, presenterades och avhandlades ett f\u00f6rslag till kanalbygge, som vi idag kan l\u00e4sa om i detalj. Det var ett storslaget byggprojekt, som skulle f\u00f6r\u00e4ndra livet radikalt f\u00f6r boende runt sj\u00f6arna i v\u00e5r hembygd. N\u00e4r vi idag \u00e5ker mellan sj\u00f6arna i bil eller tar oss fram utmed de fina kanotlederna kan det vara roligt att veta vad som en g\u00e5ng planerats. L\u00e4s g\u00e4rna den utredningen som dock lades till handlingarna sedan man insett att resurser ej fanns att f\u00f6rverkliga det hela.<\/p>\n<p><strong>Ladda ned dokument om Nyk\u00f6pings kanal<\/strong><br>Ladda ned dokumentet\/utredningen (SOU:1922:24) som beskriver byggplanerna till Nyk\u00f6pings kanal. Dokumentet \u00f6ppnas inte direkt, utan laddas ned till din dator.<br>Ladda ned dokumentet om<a href=\"https:\/\/data.kb.se\/datasets\/2015\/02\/sou\/1922\/1922_24(librisid_13496854).pdf\/\"> Nyk\u00f6pings kanal (pdf, 33MB) <\/a><\/p>\n\n\n<figure class=\"wp-block-image size-large\"><img loading=\"lazy\" decoding=\"async\" width=\"560\" height=\"336\" src=\"https:\/\/munter.nu\/wp-content\/uploads\/2023\/04\/Nykanal_nyk-560x336.jpg\" alt=\"\" class=\"wp-image-3723\" srcset=\"https:\/\/munter.nu\/wp-content\/uploads\/2023\/04\/Nykanal_nyk-560x336.jpg 560w, https:\/\/munter.nu\/wp-content\/uploads\/2023\/04\/Nykanal_nyk-300x180.jpg 300w, https:\/\/munter.nu\/wp-content\/uploads\/2023\/04\/Nykanal_nyk-768x461.jpg 768w, https:\/\/munter.nu\/wp-content\/uploads\/2023\/04\/Nykanal_nyk.jpg 1283w\" sizes=\"auto, (max-width: 560px) 100vw, 560px\" \/><\/figure>\n\n\n\n<figure class=\"wp-block-image size-large\"><img loading=\"lazy\" decoding=\"async\" width=\"560\" height=\"274\" src=\"https:\/\/munter.nu\/wp-content\/uploads\/2023\/04\/Nykkanal_Slussar-560x274.jpg\" alt=\"\" class=\"wp-image-3719\" srcset=\"https:\/\/munter.nu\/wp-content\/uploads\/2023\/04\/Nykkanal_Slussar-560x274.jpg 560w, https:\/\/munter.nu\/wp-content\/uploads\/2023\/04\/Nykkanal_Slussar-300x147.jpg 300w, https:\/\/munter.nu\/wp-content\/uploads\/2023\/04\/Nykkanal_Slussar-768x376.jpg 768w, https:\/\/munter.nu\/wp-content\/uploads\/2023\/04\/Nykkanal_Slussar.jpg 1216w\" sizes=\"auto, (max-width: 560px) 100vw, 560px\" \/><\/figure>\n","protected":false},"excerpt":{"rendered":"<p>Nyk\u00f6pings kanal \u2013 en dr\u00f6m som inte blev verklighetDr\u00f6mmen om ett sammanbindande kanalsystemM\u00e5nga k\u00e4nner inte till de storslagna planer som en g\u00e5ng fanns att knyta samman flera sj\u00f6ar till ett sammanh\u00e4ngande kanalsystem fr\u00e5n B\u00e5ven och Yngaren via Nyk\u00f6pings\u00e5n ut till &hellip; <a href=\"https:\/\/munter.nu\/?page_id=1766\">Forts\u00e4tt l\u00e4sa <span class=\"meta-nav\">&rarr;<\/span><\/a><\/p>\n","protected":false},"author":1,"featured_media":3723,"parent":1418,"menu_order":0,"comment_status":"closed","ping_status":"closed","template":"","meta":{"footnotes":""},"class_list":["post-1766","page","type-page","status-publish","has-post-thumbnail","hentry"],"_links":{"self":[{"href":"https:\/\/munter.nu\/index.php?rest_route=\/wp\/v2\/pages\/1766","targetHints":{"allow":["GET"]}}],"collection":[{"href":"https:\/\/munter.nu\/index.php?rest_route=\/wp\/v2\/pages"}],"about":[{"href":"https:\/\/munter.nu\/index.php?rest_route=\/wp\/v2\/types\/page"}],"author":[{"embeddable":true,"href":"https:\/\/munter.nu\/index.php?rest_route=\/wp\/v2\/users\/1"}],"replies":[{"embeddable":true,"href":"https:\/\/munter.nu\/index.php?rest_route=%2Fwp%2Fv2%2Fcomments&post=1766"}],"version-history":[{"count":4,"href":"https:\/\/munter.nu\/index.php?rest_route=\/wp\/v2\/pages\/1766\/revisions"}],"predecessor-version":[{"id":3727,"href":"https:\/\/munter.nu\/index.php?rest_route=\/wp\/v2\/pages\/1766\/revisions\/3727"}],"up":[{"embeddable":true,"href":"https:\/\/munter.nu\/index.php?rest_route=\/wp\/v2\/pages\/1418"}],"wp:featuredmedia":[{"embeddable":true,"href":"https:\/\/munter.nu\/index.php?rest_route=\/wp\/v2\/media\/3723"}],"wp:attachment":[{"href":"https:\/\/munter.nu\/index.php?rest_route=%2Fwp%2Fv2%2Fmedia&parent=1766"}],"curies":[{"name":"wp","href":"https:\/\/api.w.org\/{rel}","templated":true}]}}