{"id":947,"date":"2013-03-23T16:34:38","date_gmt":"2013-03-23T16:34:38","guid":{"rendered":"http:\/\/munter.nu\/?page_id=947"},"modified":"2015-06-09T17:33:59","modified_gmt":"2015-06-09T17:33:59","slug":"munter-pa-vagorna-igen-varen-2012","status":"publish","type":"page","link":"https:\/\/munter.nu\/?page_id=947","title":{"rendered":"Munter p\u00e5 v\u00e5gorna igen v\u00e5ren 2012"},"content":{"rendered":"<p>Den 17 maj lyste solen \u00f6ver Vrena n\u00e4r Munter \u00e5ter styrde ut p\u00e5 Hallbosj\u00f6n med glada passagerare. Det var Munters\u00a0officiella premi\u00e4rtur f\u00f6r s\u00e4songen.<\/p>\n<p>Varje timma fr\u00e5n kl 11.00 gjorde\u00a0Munter\u00a0turer\u00a0medan medan\u00a0s\u00e5ngen klingade ut \u00f6ver viken. Det var s\u00e5ngkvartetten One 4 all som underh\u00f6ll\u00a0v\u00e4ntande passagerare p\u00e5 strand.\u00a0 H\u00e4r \u00e4r n\u00e5gra bilder fr\u00e5n dagen. <a href=\"https:\/\/munter.nu\/?attachment_id=881\" rel=\"attachment wp-att-881\"><img loading=\"lazy\" decoding=\"async\" title=\"munter120517_5\" src=\"http:\/\/media.munter.nu\/2012\/05\/munter120517_5.jpg\" alt=\"\" width=\"600\" height=\"329\" \/><\/a><\/p>\n<p><a href=\"https:\/\/munter.nu\/?attachment_id=885\" rel=\"attachment wp-att-885\"><img loading=\"lazy\" decoding=\"async\" title=\"munter120517_4\" src=\"http:\/\/media.munter.nu\/2012\/05\/munter120517_4.jpg\" alt=\"\" width=\"599\" height=\"365\" \/><\/a><\/p>\n<p><a href=\"https:\/\/munter.nu\/?attachment_id=883\" rel=\"attachment wp-att-883\"><img loading=\"lazy\" decoding=\"async\" title=\"munter120517_1\" src=\"http:\/\/media.munter.nu\/2012\/05\/munter120517_1.jpg\" alt=\"\" width=\"599\" height=\"367\" \/><\/a><\/p>\n<p><a href=\"https:\/\/munter.nu\/?attachment_id=884\" rel=\"attachment wp-att-884\"><img loading=\"lazy\" decoding=\"async\" title=\"munter120517_3\" src=\"http:\/\/media.munter.nu\/2012\/05\/munter120517_3.jpg\" alt=\"\" width=\"599\" height=\"345\" \/><\/a><\/p>\n<p><a href=\"https:\/\/munter.nu\/?attachment_id=882\" rel=\"attachment wp-att-882\"><img loading=\"lazy\" decoding=\"async\" title=\"munter120517_7\" src=\"http:\/\/media.munter.nu\/2012\/05\/munter120517_7.jpg\" alt=\"\" width=\"599\" height=\"408\" \/><\/a><\/p>\n<p>&nbsp;<\/p>\n<p><strong>Munter g\u00f6r l\u00e5ngturer till Bj\u00f6rkvik<\/strong><br \/>\nUnder sommaren kommer Munter att trafikera Yngaren. \u00a0P\u00e5 sidan &#8221;<a href=\"https:\/\/munter.nu\/?page_id=48\">Turer Boka resa&#8221;<\/a> finns\u00a0mer information om turerna med Munter.<br \/>\nTrevlig resa!<\/p>\n","protected":false},"excerpt":{"rendered":"<p>Den 17 maj lyste solen \u00f6ver Vrena n\u00e4r Munter \u00e5ter styrde ut p\u00e5 Hallbosj\u00f6n med glada passagerare. Det var Munters\u00a0officiella premi\u00e4rtur f\u00f6r s\u00e4songen. Varje timma fr\u00e5n kl 11.00 gjorde\u00a0Munter\u00a0turer\u00a0medan medan\u00a0s\u00e5ngen klingade ut \u00f6ver viken. Det var s\u00e5ngkvartetten One 4 all &hellip; <a href=\"https:\/\/munter.nu\/?page_id=947\">Forts\u00e4tt l\u00e4sa <span class=\"meta-nav\">&rarr;<\/span><\/a><\/p>\n","protected":false},"author":13,"featured_media":1203,"parent":631,"menu_order":6,"comment_status":"closed","ping_status":"closed","template":"","meta":{"footnotes":""},"class_list":["post-947","page","type-page","status-publish","has-post-thumbnail","hentry"],"_links":{"self":[{"href":"https:\/\/munter.nu\/index.php?rest_route=\/wp\/v2\/pages\/947","targetHints":{"allow":["GET"]}}],"collection":[{"href":"https:\/\/munter.nu\/index.php?rest_route=\/wp\/v2\/pages"}],"about":[{"href":"https:\/\/munter.nu\/index.php?rest_route=\/wp\/v2\/types\/page"}],"author":[{"embeddable":true,"href":"https:\/\/munter.nu\/index.php?rest_route=\/wp\/v2\/users\/13"}],"replies":[{"embeddable":true,"href":"https:\/\/munter.nu\/index.php?rest_route=%2Fwp%2Fv2%2Fcomments&post=947"}],"version-history":[{"count":6,"href":"https:\/\/munter.nu\/index.php?rest_route=\/wp\/v2\/pages\/947\/revisions"}],"predecessor-version":[{"id":3758,"href":"https:\/\/munter.nu\/index.php?rest_route=\/wp\/v2\/pages\/947\/revisions\/3758"}],"up":[{"embeddable":true,"href":"https:\/\/munter.nu\/index.php?rest_route=\/wp\/v2\/pages\/631"}],"wp:featuredmedia":[{"embeddable":true,"href":"https:\/\/munter.nu\/index.php?rest_route=\/wp\/v2\/media\/1203"}],"wp:attachment":[{"href":"https:\/\/munter.nu\/index.php?rest_route=%2Fwp%2Fv2%2Fmedia&parent=947"}],"curies":[{"name":"wp","href":"https:\/\/api.w.org\/{rel}","templated":true}]}}